{"id":141,"date":"2015-07-24T03:26:17","date_gmt":"2015-07-24T03:26:17","guid":{"rendered":"http:\/\/demo.oceanthemes.net\/archi\/?page_id=141"},"modified":"2024-07-06T21:55:53","modified_gmt":"2024-07-06T21:55:53","slug":"homepage-slider","status":"publish","type":"page","link":"https:\/\/hermese.com.mx\/","title":{"rendered":"Inicio"},"content":{"rendered":"<section class=\"wpb-content-wrapper\"><p>[vc_row fullwidth=&#8221;yes&#8221;][vc_column]\n\t\t\t<!-- START Home Slider REVOLUTION SLIDER 6.6.12 --><p class=\"rs-p-wp-fix\"><\/p>\n\t\t\t<rs-module-wrap id=\"rev_slider_1_1_wrapper\" data-source=\"gallery\" style=\"visibility:hidden;background:#e9e9e9;padding:0;\">\n\t\t\t\t<rs-module id=\"rev_slider_1_1\" style=\"\" data-version=\"6.6.12\">\n\t\t\t\t\t<rs-slides style=\"overflow: hidden; position: absolute;\">\n\t\t\t\t\t\t<rs-slide style=\"position: absolute;\" data-key=\"rs-2\" data-title=\"Slide 1\" data-thumb=\"\/\/hermese.com.mx\/wp-content\/uploads\/2024\/06\/Captura-de-pantalla-2024-06-18-a-las-5.30.57\u202fp.m-100x50.png\" data-anim=\"ms:500;\" data-in=\"o:0;\" data-out=\"a:false;\">\n\t\t\t\t\t\t\t<img decoding=\"async\" src=\"\/\/hermese.com.mx\/wp-content\/plugins\/revslider\/public\/assets\/assets\/dummy.png\" alt=\"\" title=\"Captura de pantalla 2024-06-18 a la(s) 5.30.57\u202fp.m.\" width=\"1976\" height=\"1086\" class=\"rev-slidebg tp-rs-img rs-lazyload\" data-lazyload=\"\/\/hermese.com.mx\/wp-content\/uploads\/2024\/06\/Captura-de-pantalla-2024-06-18-a-las-5.30.57\u202fp.m.png\" data-bg=\"p:center top;\" data-no-retina>\n<!--\n\t\t\t\t\t\t\t--><rs-layer\n\t\t\t\t\t\t\t\tid=\"slider-1-slide-2-layer-1\" \n\t\t\t\t\t\t\t\tclass=\"big-white\"\n\t\t\t\t\t\t\t\tdata-type=\"text\"\n\t\t\t\t\t\t\t\tdata-color=\"rgba(255, 255, 255, 1)\"\n\t\t\t\t\t\t\t\tdata-rsp_ch=\"on\"\n\t\t\t\t\t\t\t\tdata-xy=\"x:l,c,c,c;yo:160px,300px,400px,300px;\"\n\t\t\t\t\t\t\t\tdata-text=\"s:16,15,15,14;l:18,21,21,21;ls:6px,5px,5px,4px;fw:300;\"\n\t\t\t\t\t\t\t\tdata-frame_0=\"y:-50;\"\n\t\t\t\t\t\t\t\tdata-frame_1=\"e:expo.inOut;st:400;sp:800;\"\n\t\t\t\t\t\t\t\tdata-frame_999=\"y:-50;o:0;st:w;sp:450;\"\n\t\t\t\t\t\t\t\tstyle=\"z-index:8;font-family:'Dosis';text-transform:uppercase;\"\n\t\t\t\t\t\t\t>Encuentra el regalo ideal \n\t\t\t\t\t\t\t<\/rs-layer><!--\n\n\t\t\t\t\t\t\t--><h2\n\t\t\t\t\t\t\t\tid=\"slider-1-slide-2-layer-2\" \n\t\t\t\t\t\t\t\tclass=\"rs-layer big-text\"\n\t\t\t\t\t\t\t\tdata-type=\"text\"\n\t\t\t\t\t\t\t\tdata-color=\"rgba(255, 255, 255, 1)\"\n\t\t\t\t\t\t\t\tdata-rsp_ch=\"on\"\n\t\t\t\t\t\t\t\tdata-xy=\"x:l,c,c,c;y:m;\"\n\t\t\t\t\t\t\t\tdata-text=\"s:72,65,60,40;l:25,23,23,23;ls:10px,8px,8px,5px;fw:300;\"\n\t\t\t\t\t\t\t\tdata-frame_0=\"sX:2;sY:2;\"\n\t\t\t\t\t\t\t\tdata-frame_1=\"e:expo.inOut;st:400;sp:800;sR:400;\"\n\t\t\t\t\t\t\t\tdata-frame_999=\"x:0;y:0;z:-50;sX:0.85;sY:0.85;o:0;rX:0;rY:0;rZ:0;skX:0;skY:0;e:expo.inOut;st:w;sp:400;sR:4800;\"\n\t\t\t\t\t\t\t\tstyle=\"z-index:9;font-family:'Dosis';text-transform:uppercase;\"\n\t\t\t\t\t\t\t>Navidad 2025 \n\t\t\t\t\t\t\t<\/h2><!--\n\n\t\t\t\t\t\t\t--><a\n\t\t\t\t\t\t\t\tid=\"slider-1-slide-2-layer-11\" \n\t\t\t\t\t\t\t\tclass=\"rs-layer rev-btn\"\n\t\t\t\t\t\t\t\thref=\"https:\/\/hermese.com.mx\/index.php\/product-category\/temporada-2025\/\" target=\"_self\" rel=\"nofollow\"\n\t\t\t\t\t\t\t\tdata-type=\"button\"\n\t\t\t\t\t\t\t\tdata-rsp_ch=\"on\"\n\t\t\t\t\t\t\t\tdata-xy=\"x:l,c,c,c;yo:335px,450px,550px,410px;\"\n\t\t\t\t\t\t\t\tdata-text=\"w:normal;s:13,11,12,11;l:24,21,24,22;ls:3px,2px,1px,1px;fw:700,700,700,600;\"\n\t\t\t\t\t\t\t\tdata-dim=\"minh:0px,none,none,none;\"\n\t\t\t\t\t\t\t\tdata-padding=\"t:7,6,5,3;r:30,26,20,12;b:7,6,5,3;l:30,26,20,12;\"\n\t\t\t\t\t\t\t\tdata-border=\"bos:solid;boc:#ffffff;bow:2px,2px,2px,2px;\"\n\t\t\t\t\t\t\t\tdata-frame_0=\"y:50,43,32,19;\"\n\t\t\t\t\t\t\t\tdata-frame_1=\"e:expo.inOut;st:800;sp:400;\"\n\t\t\t\t\t\t\t\tdata-frame_999=\"y:50,43,32,19;o:0;st:w;sp:450;\"\n\t\t\t\t\t\t\t\tdata-frame_hover=\"c:#222;bgc:#fff;boc:#fff;bor:0px,0px,0px,0px;bos:solid;bow:2px,2px,2px,2px;sp:300ms;e:default;\"\n\t\t\t\t\t\t\t\tstyle=\"z-index:10;background-color:rgba(0,0,0,0);font-family:'Open Sans';text-transform:uppercase;\"\n\t\t\t\t\t\t\t>Ver regalos \n\t\t\t\t\t\t\t<\/a><!--\n-->\t\t\t\t\t\t<\/rs-slide>\n\t\t\t\t\t\t<rs-slide style=\"position: absolute;\" data-key=\"rs-1\" data-title=\"Slide 1\" data-thumb=\"\/\/hermese.com.mx\/wp-content\/uploads\/2023\/04\/bg_hermes-scaled-100x50.jpg\" data-anim=\"ms:500;\" data-in=\"o:0;\" data-out=\"a:false;\">\n\t\t\t\t\t\t\t<img decoding=\"async\" src=\"\/\/hermese.com.mx\/wp-content\/plugins\/revslider\/public\/assets\/assets\/dummy.png\" alt=\"\" title=\"bg_hermes\" width=\"2560\" height=\"1707\" class=\"rev-slidebg tp-rs-img rs-lazyload\" data-lazyload=\"\/\/hermese.com.mx\/wp-content\/uploads\/2023\/04\/bg_hermes-scaled.jpg\" data-bg=\"p:center top;\" data-no-retina>\n<!--\n\t\t\t\t\t\t\t--><rs-layer\n\t\t\t\t\t\t\t\tid=\"slider-1-slide-1-layer-1\" \n\t\t\t\t\t\t\t\tclass=\"big-white\"\n\t\t\t\t\t\t\t\tdata-type=\"text\"\n\t\t\t\t\t\t\t\tdata-color=\"rgba(255, 255, 255, 1)\"\n\t\t\t\t\t\t\t\tdata-rsp_ch=\"on\"\n\t\t\t\t\t\t\t\tdata-xy=\"x:l,c,c,c;yo:160px,300px,400px,300px;\"\n\t\t\t\t\t\t\t\tdata-text=\"s:16,15,15,14;l:18,21,21,21;ls:6px,5px,5px,4px;fw:300;\"\n\t\t\t\t\t\t\t\tdata-frame_0=\"y:-50;\"\n\t\t\t\t\t\t\t\tdata-frame_1=\"e:expo.inOut;st:400;sp:800;\"\n\t\t\t\t\t\t\t\tdata-frame_999=\"y:-50;o:0;st:w;sp:450;\"\n\t\t\t\t\t\t\t\tstyle=\"z-index:8;font-family:'Dosis';text-transform:uppercase;\"\n\t\t\t\t\t\t\t>regalos y promocionales para toda ocasi\u00f3n \n\t\t\t\t\t\t\t<\/rs-layer><!--\n\n\t\t\t\t\t\t\t--><h2\n\t\t\t\t\t\t\t\tid=\"slider-1-slide-1-layer-2\" \n\t\t\t\t\t\t\t\tclass=\"rs-layer big-text\"\n\t\t\t\t\t\t\t\tdata-type=\"text\"\n\t\t\t\t\t\t\t\tdata-color=\"rgba(255, 255, 255, 1)\"\n\t\t\t\t\t\t\t\tdata-rsp_ch=\"on\"\n\t\t\t\t\t\t\t\tdata-xy=\"x:l,c,c,c;y:m;\"\n\t\t\t\t\t\t\t\tdata-text=\"s:72,65,60,40;l:25,23,23,23;ls:10px,8px,8px,5px;fw:300;\"\n\t\t\t\t\t\t\t\tdata-frame_0=\"sX:2;sY:2;\"\n\t\t\t\t\t\t\t\tdata-frame_1=\"e:expo.inOut;st:400;sp:800;sR:400;\"\n\t\t\t\t\t\t\t\tdata-frame_999=\"x:0;y:0;z:-50;sX:0.85;sY:0.85;o:0;rX:0;rY:0;rZ:0;skX:0;skY:0;e:expo.inOut;st:w;sp:400;sR:4800;\"\n\t\t\t\t\t\t\t\tstyle=\"z-index:9;font-family:'Dosis';text-transform:uppercase;\"\n\t\t\t\t\t\t\t>hermes empresarial \n\t\t\t\t\t\t\t<\/h2><!--\n\n\t\t\t\t\t\t\t--><a\n\t\t\t\t\t\t\t\tid=\"slider-1-slide-1-layer-11\" \n\t\t\t\t\t\t\t\tclass=\"rs-layer rev-btn\"\n\t\t\t\t\t\t\t\thref=\"https:\/\/hermese.com.mx\/index.php\/product\/woo-album-4\/\" target=\"_self\" rel=\"nofollow\"\n\t\t\t\t\t\t\t\tdata-type=\"button\"\n\t\t\t\t\t\t\t\tdata-rsp_ch=\"on\"\n\t\t\t\t\t\t\t\tdata-xy=\"x:l,c,c,c;yo:335px,450px,550px,410px;\"\n\t\t\t\t\t\t\t\tdata-text=\"w:normal;s:13,11,12,11;l:24,21,24,22;ls:3px,2px,1px,1px;fw:700,700,700,600;\"\n\t\t\t\t\t\t\t\tdata-dim=\"minh:0px,none,none,none;\"\n\t\t\t\t\t\t\t\tdata-padding=\"t:7,6,5,3;r:30,26,20,12;b:7,6,5,3;l:30,26,20,12;\"\n\t\t\t\t\t\t\t\tdata-border=\"bos:solid;boc:#ffffff;bow:2px,2px,2px,2px;\"\n\t\t\t\t\t\t\t\tdata-frame_0=\"y:50,43,32,19;\"\n\t\t\t\t\t\t\t\tdata-frame_1=\"e:expo.inOut;st:800;sp:400;\"\n\t\t\t\t\t\t\t\tdata-frame_999=\"y:50,43,32,19;o:0;st:w;sp:450;\"\n\t\t\t\t\t\t\t\tdata-frame_hover=\"c:#222;bgc:#fff;boc:#fff;bor:0px,0px,0px,0px;bos:solid;bow:2px,2px,2px,2px;sp:300ms;e:default;\"\n\t\t\t\t\t\t\t\tstyle=\"z-index:10;background-color:rgba(0,0,0,0);font-family:'Open Sans';text-transform:uppercase;\"\n\t\t\t\t\t\t\t>ver portafolio \n\t\t\t\t\t\t\t<\/a><!--\n-->\t\t\t\t\t\t<\/rs-slide>\n\t\t\t\t\t\t<rs-slide style=\"position: absolute;\" data-key=\"rs-3\" data-title=\"Slide 1\" data-thumb=\"\/\/hermese.com.mx\/wp-content\/uploads\/2023\/10\/outlet-scaled-100x50.jpg\" data-anim=\"ms:500;\" data-in=\"o:0;\" data-out=\"a:false;\">\n\t\t\t\t\t\t\t<img decoding=\"async\" src=\"\/\/hermese.com.mx\/wp-content\/plugins\/revslider\/public\/assets\/assets\/dummy.png\" alt=\"\" title=\"outlet\" width=\"2560\" height=\"1091\" class=\"rev-slidebg tp-rs-img rs-lazyload\" data-lazyload=\"\/\/hermese.com.mx\/wp-content\/uploads\/2023\/10\/outlet-scaled.jpg\" data-bg=\"p:center top;\" data-no-retina>\n<!--\n\t\t\t\t\t\t\t--><rs-layer\n\t\t\t\t\t\t\t\tid=\"slider-1-slide-3-layer-1\" \n\t\t\t\t\t\t\t\tclass=\"big-white\"\n\t\t\t\t\t\t\t\tdata-type=\"text\"\n\t\t\t\t\t\t\t\tdata-color=\"rgba(255, 255, 255, 1)\"\n\t\t\t\t\t\t\t\tdata-rsp_ch=\"on\"\n\t\t\t\t\t\t\t\tdata-xy=\"x:l,c,c,c;yo:160px,300px,400px,300px;\"\n\t\t\t\t\t\t\t\tdata-text=\"s:16,15,15,14;l:18,21,21,21;ls:6px,5px,5px,4px;fw:300;\"\n\t\t\t\t\t\t\t\tdata-frame_0=\"y:-50;\"\n\t\t\t\t\t\t\t\tdata-frame_1=\"e:expo.inOut;st:400;sp:800;\"\n\t\t\t\t\t\t\t\tdata-frame_999=\"y:-50;o:0;st:w;sp:450;\"\n\t\t\t\t\t\t\t\tstyle=\"z-index:8;font-family:'Dosis';text-transform:uppercase;\"\n\t\t\t\t\t\t\t>Hasta 50% off en art\u00edculos seleccionados \n\t\t\t\t\t\t\t<\/rs-layer><!--\n\n\t\t\t\t\t\t\t--><h2\n\t\t\t\t\t\t\t\tid=\"slider-1-slide-3-layer-2\" \n\t\t\t\t\t\t\t\tclass=\"rs-layer big-text\"\n\t\t\t\t\t\t\t\tdata-type=\"text\"\n\t\t\t\t\t\t\t\tdata-color=\"rgba(255, 255, 255, 1)\"\n\t\t\t\t\t\t\t\tdata-rsp_ch=\"on\"\n\t\t\t\t\t\t\t\tdata-xy=\"x:l,c,c,c;y:m;\"\n\t\t\t\t\t\t\t\tdata-text=\"s:72,65,60,40;l:25,23,23,23;ls:10px,8px,8px,5px;fw:300;\"\n\t\t\t\t\t\t\t\tdata-frame_0=\"sX:2;sY:2;\"\n\t\t\t\t\t\t\t\tdata-frame_1=\"e:expo.inOut;st:400;sp:800;sR:400;\"\n\t\t\t\t\t\t\t\tdata-frame_999=\"x:0;y:0;z:-50;sX:0.85;sY:0.85;o:0;rX:0;rY:0;rZ:0;skX:0;skY:0;e:expo.inOut;st:w;sp:400;sR:4800;\"\n\t\t\t\t\t\t\t\tstyle=\"z-index:9;font-family:'Dosis';text-transform:uppercase;\"\n\t\t\t\t\t\t\t>Outlet \n\t\t\t\t\t\t\t<\/h2><!--\n\n\t\t\t\t\t\t\t--><a\n\t\t\t\t\t\t\t\tid=\"slider-1-slide-3-layer-11\" \n\t\t\t\t\t\t\t\tclass=\"rs-layer rev-btn\"\n\t\t\t\t\t\t\t\thref=\"https:\/\/hermese.com.mx\/index.php\/product-category\/outlet\/\" target=\"_self\" rel=\"nofollow\"\n\t\t\t\t\t\t\t\tdata-type=\"button\"\n\t\t\t\t\t\t\t\tdata-rsp_ch=\"on\"\n\t\t\t\t\t\t\t\tdata-xy=\"x:l,c,c,c;yo:335px,450px,550px,410px;\"\n\t\t\t\t\t\t\t\tdata-text=\"w:normal;s:13,11,12,11;l:24,21,24,22;ls:3px,2px,1px,1px;fw:700,700,700,600;\"\n\t\t\t\t\t\t\t\tdata-dim=\"minh:0px,none,none,none;\"\n\t\t\t\t\t\t\t\tdata-padding=\"t:7,6,5,3;r:30,26,20,12;b:7,6,5,3;l:30,26,20,12;\"\n\t\t\t\t\t\t\t\tdata-border=\"bos:solid;boc:#ffffff;bow:2px,2px,2px,2px;\"\n\t\t\t\t\t\t\t\tdata-frame_0=\"y:50,43,32,19;\"\n\t\t\t\t\t\t\t\tdata-frame_1=\"e:expo.inOut;st:800;sp:400;\"\n\t\t\t\t\t\t\t\tdata-frame_999=\"y:50,43,32,19;o:0;st:w;sp:450;\"\n\t\t\t\t\t\t\t\tdata-frame_hover=\"c:#222;bgc:#fff;boc:#fff;bor:0px,0px,0px,0px;bos:solid;bow:2px,2px,2px,2px;sp:300ms;e:default;\"\n\t\t\t\t\t\t\t\tstyle=\"z-index:10;background-color:rgba(0,0,0,0);font-family:'Open Sans';text-transform:uppercase;\"\n\t\t\t\t\t\t\t>Ver ofertas \n\t\t\t\t\t\t\t<\/a><!--\n-->\t\t\t\t\t\t<\/rs-slide>\n\t\t\t\t\t<\/rs-slides>\n\t\t\t\t<\/rs-module>\n\t\t\t\t<script>\n\t\t\t\t\tsetREVStartSize({c: 'rev_slider_1_1',rl:[1240,1024,778,480],el:[500,768,960,720],gw:[1170,1024,778,480],gh:[500,768,960,720],type:'standard',justify:'',layout:'fullscreen',offsetContainer:'',offset:'',mh:\"0\"});if (window.RS_MODULES!==undefined && window.RS_MODULES.modules!==undefined && window.RS_MODULES.modules[\"revslider11\"]!==undefined) {window.RS_MODULES.modules[\"revslider11\"].once = false;window.revapi1 = undefined;if (window.RS_MODULES.checkMinimal!==undefined) window.RS_MODULES.checkMinimal()}\n\t\t\t\t<\/script>\n\t\t\t<\/rs-module-wrap>\n\t\t\t<!-- END REVOLUTION SLIDER -->\n[\/vc_column][\/vc_row][vc_row css=&#8221;.vc_custom_1495441353691{padding-top: 90px !important;padding-bottom: 60px !important;}&#8221;][vc_column animate=&#8221;fadeinup&#8221;]\n\t<!-- Element: OT Heading --> \t \n\t<h1 class=\"ot_custom_heading  \" style=\"text-align: center;\" >filosof\u00eda<\/h1>\t\n[\/vc_column][vc_column width=&#8221;1\/3&#8243; animate=&#8221;fadeinleft&#8221;]\n\t<!-- Element: OT Heading --> \t \n\t<h3 class=\"ot_custom_heading  \" style=\"\" ><b>misi\u00f3n<\/b><\/h3>\t\n[vc_column_text css=&#8221;.vc_custom_1682626512320{margin-bottom: 30px !important;}&#8221;]Contribuimos a potenciar y fortalecer la imagen de nuestros clientes creando y comercializando art\u00edculos promocionales y regalos empresariales, diferentes, innovadores y de gran calidad a trav\u00e9s de un servicio de excelencia garantizando su total satisfacci\u00f3n.[\/vc_column_text][vc_single_image image=&#8221;2350&#8243; img_size=&#8221;full&#8221;][\/vc_column][vc_column width=&#8221;1\/3&#8243; animate=&#8221;fadeinup&#8221;]\n\t<!-- Element: OT Heading --> \t \n\t<h3 class=\"ot_custom_heading  \" style=\"\" ><b>visi\u00f3n<\/b><\/h3>\t\n[vc_column_text css=&#8221;.vc_custom_1682626522535{margin-bottom: 30px !important;}&#8221;]Ser una empresa socialmente responsable, posicionada en diversos segmentos del mercado nacional como la primera opci\u00f3n en art\u00edculos promocionales y regalos empresariales e incursionar en mercados internacionales con dise\u00f1os de artesan\u00eda selecta.[\/vc_column_text][vc_single_image image=&#8221;2347&#8243; img_size=&#8221;full&#8221;][\/vc_column][vc_column width=&#8221;1\/3&#8243; animate=&#8221;fadinright&#8221;]\n\t<!-- Element: OT Heading --> \t \n\t<h3 class=\"ot_custom_heading  \" style=\"\" ><b>valores<\/b><\/h3>\t\n[vc_column_text css=&#8221;.vc_custom_1682626773503{margin-bottom: 30px !important;}&#8221;]\u00c9tica: Siempre nos conducimos en apego, congruencia y respeto a nuestros principios y valores organizacionales. Honestidad: Actuamos y fomentamos la rectitud y la verdad en las relaciones con nuestros clientes y colaboradores.[\/vc_column_text][vc_single_image image=&#8221;2348&#8243; img_size=&#8221;full&#8221;][\/vc_column][\/vc_row][vc_row css=&#8221;.vc_custom_1495600657228{padding-top: 90px !important;padding-bottom: 90px !important;background-image: url(https:\/\/hermese.com.mx\/wp-content\/uploads\/2015\/07\/bg-3.jpg?id=185) !important;}&#8221; el_class=&#8221;bg-fixed&#8221;][vc_column animate=&#8221;fadeinup&#8221;]\n\t<!-- Element: OT Heading --> \t \n\t<h1 class=\"ot_custom_heading  \" style=\"text-align: center;color: #eceff3;\" >Nuestros clientes<\/h1>\t\n[vc_tta_pageable][vc_tta_section title=&#8221;Logos Clientes&#8221; tab_id=&#8221;1718756623417-8c06a492-c75a&#8221;][vc_media_grid element_width=&#8221;3&#8243; grid_id=&#8221;vc_gid:1720302705889-3048027e-602f-0&#8243; include=&#8221;2328,2329,2330,2331,2332,2333,2334,2335&#8243;][\/vc_tta_section][\/vc_tta_pageable][\/vc_column][\/vc_row]<\/p>\n<\/section>","protected":false},"excerpt":{"rendered":"<p>[vc_row fullwidth=&#8221;yes&#8221;][vc_column][\/vc_column][\/vc_row][vc_row css=&#8221;.vc_custom_1495441353691{padding-top: 90px !important;padding-bottom: 60px !important;}&#8221;][vc_column animate=&#8221;fadeinup&#8221;][\/vc_column][vc_column width=&#8221;1\/3&#8243; animate=&#8221;fadeinleft&#8221;][vc_column_text css=&#8221;.vc_custom_1682626512320{margin-bottom: 30px !important;}&#8221;]Contribuimos a potenciar y fortalecer la imagen de nuestros clientes creando y comercializando art\u00edculos promocionales y regalos empresariales, diferentes, innovadores y de gran calidad a trav\u00e9s de un servicio de excelencia garantizando su total satisfacci\u00f3n.[\/vc_column_text][vc_single_image image=&#8221;2350&#8243; img_size=&#8221;full&#8221;][\/vc_column][vc_column width=&#8221;1\/3&#8243; animate=&#8221;fadeinup&#8221;][vc_column_text css=&#8221;.vc_custom_1682626522535{margin-bottom: 30px !important;}&#8221;]Ser una [&hellip;]<\/p>\n","protected":false},"author":1,"featured_media":0,"parent":0,"menu_order":0,"comment_status":"open","ping_status":"open","template":"page-templates\/template-canvas.php","meta":{"footnotes":""},"class_list":["post-141","page","type-page","status-publish","hentry"],"jetpack_sharing_enabled":true,"_links":{"self":[{"href":"https:\/\/hermese.com.mx\/index.php\/wp-json\/wp\/v2\/pages\/141","targetHints":{"allow":["GET"]}}],"collection":[{"href":"https:\/\/hermese.com.mx\/index.php\/wp-json\/wp\/v2\/pages"}],"about":[{"href":"https:\/\/hermese.com.mx\/index.php\/wp-json\/wp\/v2\/types\/page"}],"author":[{"embeddable":true,"href":"https:\/\/hermese.com.mx\/index.php\/wp-json\/wp\/v2\/users\/1"}],"replies":[{"embeddable":true,"href":"https:\/\/hermese.com.mx\/index.php\/wp-json\/wp\/v2\/comments?post=141"}],"version-history":[{"count":22,"href":"https:\/\/hermese.com.mx\/index.php\/wp-json\/wp\/v2\/pages\/141\/revisions"}],"predecessor-version":[{"id":2351,"href":"https:\/\/hermese.com.mx\/index.php\/wp-json\/wp\/v2\/pages\/141\/revisions\/2351"}],"wp:attachment":[{"href":"https:\/\/hermese.com.mx\/index.php\/wp-json\/wp\/v2\/media?parent=141"}],"curies":[{"name":"wp","href":"https:\/\/api.w.org\/{rel}","templated":true}]}}