{"id":2052,"date":"2023-08-27T22:35:35","date_gmt":"2023-08-27T22:35:35","guid":{"rendered":"https:\/\/hermese.com.mx\/?post_type=product&#038;p=2052"},"modified":"2023-08-27T22:37:10","modified_gmt":"2023-08-27T22:37:10","slug":"charola-en-forma-de-rinon","status":"publish","type":"product","link":"https:\/\/hermese.com.mx\/index.php\/product\/charola-en-forma-de-rinon\/","title":{"rendered":"Charola en forma de ri\u00f1\u00f3n"},"content":{"rendered":"<p>Charola en forma de ri\u00f1\u00f3n de aluminio.<\/p>\n<p>Ideal para equipo m\u00e9dico<\/p>\n","protected":false},"excerpt":{"rendered":"<p>Charola en forma de ri\u00f1\u00f3n de aluminio. Ideal para equipo m\u00e9dico<\/p>\n","protected":false},"featured_media":1985,"comment_status":"open","ping_status":"closed","template":"","meta":[],"product_cat":[51],"product_tag":[],"class_list":["post-2052","product","type-product","status-publish","has-post-thumbnail","hentry","product_cat-equipo-medico"],"jetpack_sharing_enabled":true,"_links":{"self":[{"href":"https:\/\/hermese.com.mx\/index.php\/wp-json\/wp\/v3\/product\/2052","targetHints":{"allow":["GET"]}}],"collection":[{"href":"https:\/\/hermese.com.mx\/index.php\/wp-json\/wp\/v3\/product"}],"about":[{"href":"https:\/\/hermese.com.mx\/index.php\/wp-json\/wp\/v2\/types\/product"}],"replies":[{"embeddable":true,"href":"https:\/\/hermese.com.mx\/index.php\/wp-json\/wp\/v2\/comments?post=2052"}],"wp:featuredmedia":[{"embeddable":true,"href":"https:\/\/hermese.com.mx\/index.php\/wp-json\/wp\/v2\/media\/1985"}],"wp:attachment":[{"href":"https:\/\/hermese.com.mx\/index.php\/wp-json\/wp\/v2\/media?parent=2052"}],"wp:term":[{"taxonomy":"product_cat","embeddable":true,"href":"https:\/\/hermese.com.mx\/index.php\/wp-json\/wp\/v2\/product_cat?post=2052"},{"taxonomy":"product_tag","embeddable":true,"href":"https:\/\/hermese.com.mx\/index.php\/wp-json\/wp\/v2\/product_tag?post=2052"}],"curies":[{"name":"wp","href":"https:\/\/api.w.org\/{rel}","templated":true}]}}