{"id":2486,"date":"2024-09-09T21:33:04","date_gmt":"2024-09-09T21:33:04","guid":{"rendered":"https:\/\/hermese.com.mx\/?post_type=product&#038;p=2486"},"modified":"2024-09-09T21:39:13","modified_gmt":"2024-09-09T21:39:13","slug":"arcon-frances-1-y-2","status":"publish","type":"product","link":"https:\/\/hermese.com.mx\/index.php\/product\/arcon-frances-1-y-2\/","title":{"rendered":"Arc\u00f3n Franc\u00e9s 1 y 2"},"content":{"rendered":"<p><span style=\"font-weight: 400;\">Arc\u00f3n Franc\u00e9s 1<\/span><\/p>\n<p><span style=\"font-weight: 400;\">Decantador y descorchador para vino de lujo. Incluye 16 productos gourmet con vino tinto 750 ml<\/span><\/p>\n<p><span style=\"font-weight: 400;\">Arc\u00f3n Franc\u00e9s 2<\/span><\/p>\n<p><span style=\"font-weight: 400;\">IDEM anterior m\u00e1s set de 6 copas de vino de vidrio<\/span><\/p>\n<p><b>Stock:<\/b><span style=\"font-weight: 400;\"> 144 pzs<\/span><\/p>\n<p><b>Stock:<\/b><span style=\"font-weight: 400;\"> 144 pzs<\/span><span style=\"font-weight: 400;\">\u00a0<\/span><\/p>\n","protected":false},"excerpt":{"rendered":"<p>Arc\u00f3n Franc\u00e9s 1 Decantador y descorchador para vino de lujo. Incluye 16 productos gourmet con vino tinto 750 ml Arc\u00f3n Franc\u00e9s 2 IDEM anterior m\u00e1s set de 6 copas de vino de vidrio Stock: 144 pzs Stock: 144 pzs\u00a0<\/p>\n","protected":false},"featured_media":2425,"comment_status":"open","ping_status":"closed","template":"","meta":[],"product_cat":[54],"product_tag":[],"class_list":["post-2486","product","type-product","status-publish","has-post-thumbnail","hentry","product_cat-regalos-canastas-y-arcones-2024"],"jetpack_sharing_enabled":true,"_links":{"self":[{"href":"https:\/\/hermese.com.mx\/index.php\/wp-json\/wp\/v3\/product\/2486","targetHints":{"allow":["GET"]}}],"collection":[{"href":"https:\/\/hermese.com.mx\/index.php\/wp-json\/wp\/v3\/product"}],"about":[{"href":"https:\/\/hermese.com.mx\/index.php\/wp-json\/wp\/v2\/types\/product"}],"replies":[{"embeddable":true,"href":"https:\/\/hermese.com.mx\/index.php\/wp-json\/wp\/v2\/comments?post=2486"}],"wp:featuredmedia":[{"embeddable":true,"href":"https:\/\/hermese.com.mx\/index.php\/wp-json\/wp\/v2\/media\/2425"}],"wp:attachment":[{"href":"https:\/\/hermese.com.mx\/index.php\/wp-json\/wp\/v2\/media?parent=2486"}],"wp:term":[{"taxonomy":"product_cat","embeddable":true,"href":"https:\/\/hermese.com.mx\/index.php\/wp-json\/wp\/v2\/product_cat?post=2486"},{"taxonomy":"product_tag","embeddable":true,"href":"https:\/\/hermese.com.mx\/index.php\/wp-json\/wp\/v2\/product_tag?post=2486"}],"curies":[{"name":"wp","href":"https:\/\/api.w.org\/{rel}","templated":true}]}}