{"id":2552,"date":"2025-09-24T22:16:36","date_gmt":"2025-09-24T22:16:36","guid":{"rendered":"https:\/\/hermese.com.mx\/?post_type=product&#038;p=2552"},"modified":"2025-09-24T22:27:46","modified_gmt":"2025-09-24T22:27:46","slug":"estuche-premium-torremoron","status":"publish","type":"product","link":"https:\/\/hermese.com.mx\/index.php\/product\/estuche-premium-torremoron\/","title":{"rendered":"Estuche Premium Torremor\u00f3n"},"content":{"rendered":"<p data-start=\"69\" data-end=\"263\"><strong data-start=\"69\" data-end=\"98\">Estuche de Regalo Premium<\/strong><br data-start=\"98\" data-end=\"101\" \/>Sorprende con este elegante estuche de madera, ideal para ocasiones especiales. Incluye una cuidada selecci\u00f3n de sabores que combinan tradici\u00f3n y sofisticaci\u00f3n:<\/p>\n<ul data-start=\"265\" data-end=\"436\">\n<li data-start=\"265\" data-end=\"299\">\n<p data-start=\"267\" data-end=\"299\">1 Vino Tinto Torremor\u00f3n 750 ml<\/p>\n<\/li>\n<li data-start=\"300\" data-end=\"343\">\n<p data-start=\"302\" data-end=\"343\">1 Frasco de Chicharr\u00f3n de Chile Serrano<\/p>\n<\/li>\n<li data-start=\"344\" data-end=\"380\">\n<p data-start=\"346\" data-end=\"380\">1 Nugget de Almendra Do\u00f1a Jimena<\/p>\n<\/li>\n<li data-start=\"381\" data-end=\"408\">\n<p data-start=\"383\" data-end=\"408\">2 Latas de Pulpo Pescar<\/p>\n<\/li>\n<li data-start=\"409\" data-end=\"436\">\n<p data-start=\"411\" data-end=\"436\">1 Pat\u00e9 de Finas Hierbas<\/p>\n<\/li>\n<\/ul>\n<p data-start=\"438\" data-end=\"513\">Un detalle perfecto para celebrar, compartir y disfrutar momentos \u00fanicos.<\/p>\n","protected":false},"excerpt":{"rendered":"<p>Estuche de Regalo PremiumSorprende con este elegante estuche de madera, ideal para ocasiones especiales. Incluye una cuidada selecci\u00f3n de sabores que combinan tradici\u00f3n y sofisticaci\u00f3n: 1 Vino Tinto Torremor\u00f3n 750 ml 1 Frasco de Chicharr\u00f3n de Chile Serrano 1 Nugget de Almendra Do\u00f1a Jimena 2 Latas de Pulpo Pescar 1 Pat\u00e9 de Finas Hierbas Un [&hellip;]<\/p>\n","protected":false},"featured_media":2553,"comment_status":"open","ping_status":"closed","template":"","meta":[],"product_cat":[15,54,37,64],"product_tag":[],"class_list":["post-2552","product","type-product","status-publish","has-post-thumbnail","hentry","product_cat-canastas-cestos-y-charolas","product_cat-regalos-canastas-y-arcones-2024","product_cat-hogar","product_cat-temporada-2025"],"jetpack_sharing_enabled":true,"_links":{"self":[{"href":"https:\/\/hermese.com.mx\/index.php\/wp-json\/wp\/v3\/product\/2552","targetHints":{"allow":["GET"]}}],"collection":[{"href":"https:\/\/hermese.com.mx\/index.php\/wp-json\/wp\/v3\/product"}],"about":[{"href":"https:\/\/hermese.com.mx\/index.php\/wp-json\/wp\/v2\/types\/product"}],"replies":[{"embeddable":true,"href":"https:\/\/hermese.com.mx\/index.php\/wp-json\/wp\/v2\/comments?post=2552"}],"wp:featuredmedia":[{"embeddable":true,"href":"https:\/\/hermese.com.mx\/index.php\/wp-json\/wp\/v2\/media\/2553"}],"wp:attachment":[{"href":"https:\/\/hermese.com.mx\/index.php\/wp-json\/wp\/v2\/media?parent=2552"}],"wp:term":[{"taxonomy":"product_cat","embeddable":true,"href":"https:\/\/hermese.com.mx\/index.php\/wp-json\/wp\/v2\/product_cat?post=2552"},{"taxonomy":"product_tag","embeddable":true,"href":"https:\/\/hermese.com.mx\/index.php\/wp-json\/wp\/v2\/product_tag?post=2552"}],"curies":[{"name":"wp","href":"https:\/\/api.w.org\/{rel}","templated":true}]}}