{"id":2558,"date":"2025-09-24T22:35:56","date_gmt":"2025-09-24T22:35:56","guid":{"rendered":"https:\/\/hermese.com.mx\/?post_type=product&#038;p=2558"},"modified":"2025-09-24T22:41:03","modified_gmt":"2025-09-24T22:41:03","slug":"charola-negra-de-cuidado-personal-con-vino","status":"publish","type":"product","link":"https:\/\/hermese.com.mx\/index.php\/product\/charola-negra-de-cuidado-personal-con-vino\/","title":{"rendered":"Charola Negra de Cuidado Personal con Vino"},"content":{"rendered":"<p data-start=\"50\" data-end=\"211\"><strong data-start=\"50\" data-end=\"96\">Charola Negra de Cuidado Personal con Vino<\/strong><br data-start=\"96\" data-end=\"99\" \/>Un regalo pensado para el descanso y el disfrute, presentado en una elegante charola negra con asas. Contiene:<\/p>\n<ul data-start=\"213\" data-end=\"301\">\n<li data-start=\"213\" data-end=\"238\">\n<p data-start=\"215\" data-end=\"238\">1 Bata de Ba\u00f1o Blanca<\/p>\n<\/li>\n<li data-start=\"239\" data-end=\"255\">\n<p data-start=\"241\" data-end=\"255\">1 Jard\u00edn Zen<\/p>\n<\/li>\n<li data-start=\"256\" data-end=\"301\">\n<p data-start=\"258\" data-end=\"301\">1 Botella de Vino Tinto Torremor\u00f3n 750 ml<\/p>\n<\/li>\n<\/ul>\n<p data-start=\"303\" data-end=\"392\">La combinaci\u00f3n perfecta de relajaci\u00f3n y buen gusto para regalar en momentos especiales.<\/p>\n<p data-start=\"303\" data-end=\"392\">Se puede personalizar con vela u otros elementos. Solicita tu cotizaci\u00f3n de personalizaci\u00f3n.<\/p>\n","protected":false},"excerpt":{"rendered":"<p>Charola Negra de Cuidado Personal con VinoUn regalo pensado para el descanso y el disfrute, presentado en una elegante charola negra con asas. Contiene: 1 Bata de Ba\u00f1o Blanca 1 Jard\u00edn Zen 1 Botella de Vino Tinto Torremor\u00f3n 750 ml La combinaci\u00f3n perfecta de relajaci\u00f3n y buen gusto para regalar en momentos especiales. Se puede [&hellip;]<\/p>\n","protected":false},"featured_media":2535,"comment_status":"open","ping_status":"closed","template":"","meta":[],"product_cat":[15,54,64],"product_tag":[],"class_list":["post-2558","product","type-product","status-publish","has-post-thumbnail","hentry","product_cat-canastas-cestos-y-charolas","product_cat-regalos-canastas-y-arcones-2024","product_cat-temporada-2025"],"jetpack_sharing_enabled":true,"_links":{"self":[{"href":"https:\/\/hermese.com.mx\/index.php\/wp-json\/wp\/v3\/product\/2558","targetHints":{"allow":["GET"]}}],"collection":[{"href":"https:\/\/hermese.com.mx\/index.php\/wp-json\/wp\/v3\/product"}],"about":[{"href":"https:\/\/hermese.com.mx\/index.php\/wp-json\/wp\/v2\/types\/product"}],"replies":[{"embeddable":true,"href":"https:\/\/hermese.com.mx\/index.php\/wp-json\/wp\/v2\/comments?post=2558"}],"wp:featuredmedia":[{"embeddable":true,"href":"https:\/\/hermese.com.mx\/index.php\/wp-json\/wp\/v2\/media\/2535"}],"wp:attachment":[{"href":"https:\/\/hermese.com.mx\/index.php\/wp-json\/wp\/v2\/media?parent=2558"}],"wp:term":[{"taxonomy":"product_cat","embeddable":true,"href":"https:\/\/hermese.com.mx\/index.php\/wp-json\/wp\/v2\/product_cat?post=2558"},{"taxonomy":"product_tag","embeddable":true,"href":"https:\/\/hermese.com.mx\/index.php\/wp-json\/wp\/v2\/product_tag?post=2558"}],"curies":[{"name":"wp","href":"https:\/\/api.w.org\/{rel}","templated":true}]}}