{"id":2560,"date":"2025-09-24T22:43:56","date_gmt":"2025-09-24T22:43:56","guid":{"rendered":"https:\/\/hermese.com.mx\/?post_type=product&#038;p=2560"},"modified":"2025-09-24T22:47:30","modified_gmt":"2025-09-24T22:47:30","slug":"ensaladera-gourmet-personalizable","status":"publish","type":"product","link":"https:\/\/hermese.com.mx\/index.php\/product\/ensaladera-gourmet-personalizable\/","title":{"rendered":"Ensaladera Gourmet Personalizable"},"content":{"rendered":"<p data-start=\"50\" data-end=\"229\"><strong data-start=\"50\" data-end=\"90\">Ensaladera Gourmet Personalizable<\/strong><br data-start=\"90\" data-end=\"93\" \/>Un regalo elegante y vers\u00e1til presentado en una charola negra con asas. Incluye una selecci\u00f3n de productos para consentir y compartir:<\/p>\n<ul data-start=\"231\" data-end=\"377\">\n<li data-start=\"231\" data-end=\"269\">\n<p data-start=\"233\" data-end=\"269\">1 Botella de Vino Tinto Torremor\u00f3n 750ml<\/p>\n<\/li>\n<li data-start=\"270\" data-end=\"301\">\n<p data-start=\"272\" data-end=\"301\">1 Turr\u00f3n Nugget Do\u00f1a Jimena<\/p>\n<\/li>\n<li data-start=\"302\" data-end=\"333\">\n<p data-start=\"304\" data-end=\"333\">1 Paquete de Palitos de Pan<\/p>\n<\/li>\n<li data-start=\"334\" data-end=\"360\">\n<p data-start=\"336\" data-end=\"360\">Latas Gourmet variadas<\/p>\n<\/li>\n<li data-start=\"361\" data-end=\"377\">\n<p data-start=\"363\" data-end=\"377\">Frutas Secas<\/p>\n<\/li>\n<li data-start=\"361\" data-end=\"377\">1 ensaladera de madera con asas y 2 palitas<\/li>\n<\/ul>\n<p data-start=\"379\" data-end=\"523\">El contenido puede personalizarse de acuerdo con el presupuesto y preferencias, convirti\u00e9ndolo en el obsequio perfecto para cualquier ocasi\u00f3n.<\/p>\n","protected":false},"excerpt":{"rendered":"<p>Ensaladera Gourmet PersonalizableUn regalo elegante y vers\u00e1til presentado en una charola negra con asas. Incluye una selecci\u00f3n de productos para consentir y compartir: 1 Botella de Vino Tinto Torremor\u00f3n 750ml 1 Turr\u00f3n Nugget Do\u00f1a Jimena 1 Paquete de Palitos de Pan Latas Gourmet variadas Frutas Secas 1 ensaladera de madera con asas y 2 palitas [&hellip;]<\/p>\n","protected":false},"featured_media":2536,"comment_status":"open","ping_status":"closed","template":"","meta":[],"product_cat":[15,54,64],"product_tag":[],"class_list":["post-2560","product","type-product","status-publish","has-post-thumbnail","hentry","product_cat-canastas-cestos-y-charolas","product_cat-regalos-canastas-y-arcones-2024","product_cat-temporada-2025"],"jetpack_sharing_enabled":true,"_links":{"self":[{"href":"https:\/\/hermese.com.mx\/index.php\/wp-json\/wp\/v3\/product\/2560","targetHints":{"allow":["GET"]}}],"collection":[{"href":"https:\/\/hermese.com.mx\/index.php\/wp-json\/wp\/v3\/product"}],"about":[{"href":"https:\/\/hermese.com.mx\/index.php\/wp-json\/wp\/v2\/types\/product"}],"replies":[{"embeddable":true,"href":"https:\/\/hermese.com.mx\/index.php\/wp-json\/wp\/v2\/comments?post=2560"}],"wp:featuredmedia":[{"embeddable":true,"href":"https:\/\/hermese.com.mx\/index.php\/wp-json\/wp\/v2\/media\/2536"}],"wp:attachment":[{"href":"https:\/\/hermese.com.mx\/index.php\/wp-json\/wp\/v2\/media?parent=2560"}],"wp:term":[{"taxonomy":"product_cat","embeddable":true,"href":"https:\/\/hermese.com.mx\/index.php\/wp-json\/wp\/v2\/product_cat?post=2560"},{"taxonomy":"product_tag","embeddable":true,"href":"https:\/\/hermese.com.mx\/index.php\/wp-json\/wp\/v2\/product_tag?post=2560"}],"curies":[{"name":"wp","href":"https:\/\/api.w.org\/{rel}","templated":true}]}}