{"id":2563,"date":"2025-09-24T22:54:09","date_gmt":"2025-09-24T22:54:09","guid":{"rendered":"https:\/\/hermese.com.mx\/?post_type=product&#038;p=2563"},"modified":"2025-09-24T22:56:17","modified_gmt":"2025-09-24T22:56:17","slug":"canasta-mini-con-turrones-dona-jimena","status":"publish","type":"product","link":"https:\/\/hermese.com.mx\/index.php\/product\/canasta-mini-con-turrones-dona-jimena\/","title":{"rendered":"Canasta Mini con Turrones Do\u00f1a Jimena"},"content":{"rendered":"<p data-start=\"50\" data-end=\"168\"><strong data-start=\"50\" data-end=\"91\">Canasta Mini con Turrones Do\u00f1a Jimena<\/strong><br data-start=\"91\" data-end=\"94\" \/>Un detalle encantador y sofisticado que re\u00fane la tradici\u00f3n espa\u00f1ola en una presentaci\u00f3n \u00fanica. Incluye una variedad de turrones Do\u00f1a Jimena, un lujo dulce que conquista paladares y aporta un toque especial a cualquier celebraci\u00f3n.<\/p>\n","protected":false},"excerpt":{"rendered":"<p>Canasta Mini con Turrones Do\u00f1a JimenaUn detalle encantador y sofisticado que re\u00fane la tradici\u00f3n espa\u00f1ola en una presentaci\u00f3n \u00fanica. Incluye una variedad de turrones Do\u00f1a Jimena, un lujo dulce que conquista paladares y aporta un toque especial a cualquier celebraci\u00f3n.<\/p>\n","protected":false},"featured_media":2527,"comment_status":"open","ping_status":"closed","template":"","meta":[],"product_cat":[15,54,64],"product_tag":[],"class_list":["post-2563","product","type-product","status-publish","has-post-thumbnail","hentry","product_cat-canastas-cestos-y-charolas","product_cat-regalos-canastas-y-arcones-2024","product_cat-temporada-2025"],"jetpack_sharing_enabled":true,"_links":{"self":[{"href":"https:\/\/hermese.com.mx\/index.php\/wp-json\/wp\/v3\/product\/2563","targetHints":{"allow":["GET"]}}],"collection":[{"href":"https:\/\/hermese.com.mx\/index.php\/wp-json\/wp\/v3\/product"}],"about":[{"href":"https:\/\/hermese.com.mx\/index.php\/wp-json\/wp\/v2\/types\/product"}],"replies":[{"embeddable":true,"href":"https:\/\/hermese.com.mx\/index.php\/wp-json\/wp\/v2\/comments?post=2563"}],"wp:featuredmedia":[{"embeddable":true,"href":"https:\/\/hermese.com.mx\/index.php\/wp-json\/wp\/v2\/media\/2527"}],"wp:attachment":[{"href":"https:\/\/hermese.com.mx\/index.php\/wp-json\/wp\/v2\/media?parent=2563"}],"wp:term":[{"taxonomy":"product_cat","embeddable":true,"href":"https:\/\/hermese.com.mx\/index.php\/wp-json\/wp\/v2\/product_cat?post=2563"},{"taxonomy":"product_tag","embeddable":true,"href":"https:\/\/hermese.com.mx\/index.php\/wp-json\/wp\/v2\/product_tag?post=2563"}],"curies":[{"name":"wp","href":"https:\/\/api.w.org\/{rel}","templated":true}]}}